{"id":498,"date":"2025-05-14T23:44:33","date_gmt":"2025-05-14T21:44:33","guid":{"rendered":"https:\/\/louis-carles.com\/?page_id=498"},"modified":"2025-05-28T20:40:16","modified_gmt":"2025-05-28T18:40:16","slug":"epi-essentiels-professions","status":"publish","type":"page","link":"https:\/\/louis-carles.com\/index.php\/epi-essentiels-professions\/","title":{"rendered":"Les EPI essentiels selon les professions"},"content":{"rendered":"\n<p><strong>Les \u00e9quipements de protection individuelle (EPI)<\/strong> sont indispensables pour garantir la s\u00e9curit\u00e9 des travailleurs, quel que soit leur secteur d\u2019activit\u00e9. Du chantier de construction au milieu m\u00e9dical, en passant par l\u2019industrie chimique ou l\u2019agroalimentaire, chaque domaine pr\u00e9sente des risques sp\u00e9cifiques qui n\u00e9cessitent des protections adapt\u00e9es.<\/p>\n\n\n\n<p>Sur les chantiers du BTP, le casque, les gants, les chaussures de s\u00e9curit\u00e9 ou encore les harnais sont essentiels pour pr\u00e9venir les chutes, les chocs ou les blessures. Dans le secteur m\u00e9dical, les EPI visent \u00e0 prot\u00e9ger contre les risques biologiques gr\u00e2ce \u00e0 des masques, gants, lunettes et blouses st\u00e9riles. L\u2019industrie chimique, quant \u00e0 elle, impose des protections contre les substances toxiques ou corrosives, avec des \u00e9quipements renforc\u00e9s comme les masques respiratoires ou les v\u00eatements anti-acides. Dans l\u2019agroalimentaire, les EPI jouent un r\u00f4le cl\u00e9 dans la pr\u00e9vention des contaminations, en assurant l\u2019hygi\u00e8ne des lignes de production. Quant aux m\u00e9tiers de l&#8217;\u00e9nergie et de l&#8217;\u00e9lectricit\u00e9 ou le danger de br\u00fblures et d&#8217;\u00e9lectrocution est \u00e9lev\u00e9, le port de gants, chaussures, casques et v\u00eatements ignifug\u00e9s est incontournable.<\/p>\n\n\n\n<p>Dans chaque cas, le choix des EPI doit r\u00e9pondre \u00e0 des normes pr\u00e9cises, adapt\u00e9es \u00e0 l\u2019environnement de travail, afin de prot\u00e9ger efficacement les salari\u00e9s et d\u2019\u00e9viter les accidents. <\/p>\n\n\n\n<ul class=\"wp-block-list\">\n<li>Les EPI dans le secteur de la construction<\/li>\n\n\n\n<li>Les EPI pour les travailleurs du secteur m\u00e9dical<\/li>\n\n\n\n<li>Protection individuelle dans l&#8217;industrie chimique<\/li>\n\n\n\n<li>Les EPI dans l&#8217;agroalimentaire<\/li>\n\n\n\n<li>Protection pour les m\u00e9tiers de l&#8217;\u00e9nergie et de l&#8217;\u00e9lectricit\u00e9<\/li>\n<\/ul>\n\n\n\n<h2 class=\"wp-block-heading\">Les EPI dans le secteur de la construction<\/h2>\n\n\n\n<p>Le secteur de la construction est sans doute l&#8217;un des plus exigeants en mati\u00e8re de s\u00e9curit\u00e9 au travail. Les ouvriers \u00e9voluant sur les chantiers sont expos\u00e9s quotidiennement \u00e0 des risques divers qui n\u00e9cessitent l&#8217;utilisation d&#8217;une panoplie d&#8217;\u00e9quipements de protection individuelle. Parmi ces EPI, on retrouve le casque de protection qui est un incontournable sur les chantiers permettant de pr\u00e9venir les traumatismes cr\u00e2niens provoqu\u00e9s par la chute d\u2019objets. Une blessure \u00e0 la t\u00eate peut avoir des cons\u00e9quences irr\u00e9versibles et c&#8217;est pourquoi le choix du casque est crucial.<\/p>\n\n\n\n<p>Mais le casque n\u2019est pas le seul EPI requis dans ce secteur. Les gants et les chaussures de s\u00e9curit\u00e9 sont \u00e9galement obligatoires. Ces derniers prot\u00e8gent contre les blessures caus\u00e9es par des outils coupants, des mat\u00e9riaux lourds ou divers \u00e9cueils rencontr\u00e9s sur le chantier. Les chaussures sont con\u00e7ues pour \u00e9viter les perforations ainsi que les glissades, deux causes fr\u00e9quentes d&#8217;accidents au travail.<\/p>\n\n\n\n<p>Ensuite, la protection auditive gagne en importance dans les environnements o\u00f9 les bruits \u00e9lev\u00e9s sont la norme. Sur un chantier, le niveau sonore est souvent sup\u00e9rieur \u00e0 ce que l&#8217;oreille humaine peut supporter sans danger. Par cons\u00e9quent, les protections auditives, telles que les bouchons d&#8217;oreille ou les casques antibruit, sont essentielles pour pr\u00e9venir toute l\u00e9sion auditive.<\/p>\n\n\n\n<p>Enfin, pour les travaux en hauteur, les harnais de s\u00e9curit\u00e9 offrent une protection vitale. Travailler \u00e0 plusieurs m\u00e8tres au-dessus du sol sans la garantie de ne pas chuter est impensable et, gr\u00e2ce aux harnais, le risque de chute est consid\u00e9rablement r\u00e9duit.<\/p>\n\n\n\n<p>Notons que le port d&#8217;<a href=\"https:\/\/doomap.fr\/\">un PTI DATI<\/a> est recommand\u00e9 en compl\u00e9ment des EPI pour tout travailleur effectuant des t\u00e2ches en situation d&#8217;isolement total.<\/p>\n\n\n\n<figure class=\"wp-block-table\"><table><thead><tr><th>\u00c9quipement<\/th><th>Fonction<\/th><th>Norme<\/th><\/tr><\/thead><tbody><tr><td>Casque de protection<\/td><td>Pr\u00e9vention des traumatismes cr\u00e2niens<\/td><td>NF EN 397<\/td><\/tr><tr><td>Gants de s\u00e9curit\u00e9<\/td><td>Protection des mains contre les coupures<\/td><td>EN 388<\/td><\/tr><tr><td>Chaussures de s\u00e9curit\u00e9<\/td><td>Protection contre les chutes et perforations<\/td><td>EN ISO 20345<\/td><\/tr><tr><td>Protection auditive<\/td><td>R\u00e9duire les nuisances sonores<\/td><td>EN 352<\/td><\/tr><tr><td>Harnais de s\u00e9curit\u00e9<\/td><td>Pr\u00e9vention des chutes en hauteur<\/td><td>EN 361<\/td><\/tr><\/tbody><\/table><\/figure>\n\n\n\n<figure class=\"wp-block-image size-full\"><img loading=\"lazy\" decoding=\"async\" width=\"1312\" height=\"736\" src=\"https:\/\/louis-carles.com\/wp-content\/uploads\/2025\/05\/Les-EPI-essentiels-selon-les-professions-1.png\" alt=\"d\u00e9couvrez les \u00e9quipements de protection individuelle (epi) indispensables selon chaque profession. assurez votre s\u00e9curit\u00e9 au travail en choisissant les epi adapt\u00e9s \u00e0 votre secteur d&#039;activit\u00e9.\" class=\"wp-image-495\" srcset=\"https:\/\/louis-carles.com\/wp-content\/uploads\/2025\/05\/Les-EPI-essentiels-selon-les-professions-1.png 1312w, https:\/\/louis-carles.com\/wp-content\/uploads\/2025\/05\/Les-EPI-essentiels-selon-les-professions-1-300x168.png 300w, https:\/\/louis-carles.com\/wp-content\/uploads\/2025\/05\/Les-EPI-essentiels-selon-les-professions-1-1024x574.png 1024w, https:\/\/louis-carles.com\/wp-content\/uploads\/2025\/05\/Les-EPI-essentiels-selon-les-professions-1-768x431.png 768w\" sizes=\"auto, (max-width: 1312px) 100vw, 1312px\" \/><\/figure>\n\n\n\n<h2 class=\"wp-block-heading\">Les EPI pour les travailleurs du secteur m\u00e9dical<\/h2>\n\n\n\n<p>Dans le domaine m\u00e9dical, la protection individuelle se d\u00e9cline sous une autre forme, mais elle n&#8217;en est pas moins importante. Les personnels de sant\u00e9 sont quotidiennement confront\u00e9s \u00e0 des risques biologiques, ce qui exige des EPI sp\u00e9cifiques. Les masques et les gants figurent en t\u00eate de liste, non seulement pour leur r\u00f4le protecteur contre les infections, mais aussi pour leur utilisation fr\u00e9quente dans les gestes m\u00e9dicaux de base.<\/p>\n\n\n\n<p>Les lunettes de protection et les \u00e9crans faciaux sont \u00e9galement essentiels car ils prot\u00e8gent les yeux et le visage des \u00e9claboussures de produits biologiques. Une gouttelette mal plac\u00e9e peut suffire \u00e0 transmettre une infection, d\u2019o\u00f9 l\u2019importance de cet \u00e9quipement. Les blouses et combinaisons de protection, quant \u00e0 elles, cr\u00e9ent une barri\u00e8re physique directe entre les agents pathog\u00e8nes et le personnel m\u00e9dical, assurant ainsi une s\u00e9curit\u00e9 maximale lors des manipulations de produits biologiques dangereux.<\/p>\n\n\n\n<p>Les \u00e9quipements orient\u00e9s vers la gestion des d\u00e9chets \u00e0 risque infectieux (DASRI) compl\u00e8tent cet arsenal de protection. Ils permettent une manipulation s\u00fbre des d\u00e9chets dangereux g\u00e9n\u00e9r\u00e9s dans les h\u00f4pitaux, ce qui est fondamental pour \u00e9viter la propagation des maladies.<\/p>\n\n\n\n<figure class=\"wp-block-table\"><table><thead><tr><th>\u00c9quipement<\/th><th>Fonction<\/th><th>Norme<\/th><\/tr><\/thead><tbody><tr><td>Masques<\/td><td>Protection contre les infections respiratoires<\/td><td>EN 14683<\/td><\/tr><tr><td>Gants<\/td><td>Barri\u00e8re contre les agents pathog\u00e8nes<\/td><td>EN 455<\/td><\/tr><tr><td>Lunettes de protection<\/td><td>Pr\u00e9vention des \u00e9claboussures dans les yeux<\/td><td>EN 166<\/td><\/tr><tr><td>Blouses<\/td><td>Isolation contre les produits biologiques<\/td><td>EN 13795<\/td><\/tr><tr><td>Gestion des DASRI<\/td><td>Manipulation s\u00fbre des d\u00e9chets<\/td><td>&#8211;<\/td><\/tr><\/tbody><\/table><\/figure>\n\n\n\n<figure class=\"wp-block-image size-full\"><img loading=\"lazy\" decoding=\"async\" width=\"1312\" height=\"736\" src=\"https:\/\/louis-carles.com\/wp-content\/uploads\/2025\/05\/Les-EPI-essentiels-selon-les-professions-2.png\" alt=\"d\u00e9couvrez les \u00e9quipements de protection individuelle (epi) indispensables selon chaque profession. prot\u00e9gez votre s\u00e9curit\u00e9 et celle de vos coll\u00e8gues gr\u00e2ce \u00e0 notre guide complet sur les epi adapt\u00e9s aux diff\u00e9rents m\u00e9tiers.\" class=\"wp-image-496\" srcset=\"https:\/\/louis-carles.com\/wp-content\/uploads\/2025\/05\/Les-EPI-essentiels-selon-les-professions-2.png 1312w, https:\/\/louis-carles.com\/wp-content\/uploads\/2025\/05\/Les-EPI-essentiels-selon-les-professions-2-300x168.png 300w, https:\/\/louis-carles.com\/wp-content\/uploads\/2025\/05\/Les-EPI-essentiels-selon-les-professions-2-1024x574.png 1024w, https:\/\/louis-carles.com\/wp-content\/uploads\/2025\/05\/Les-EPI-essentiels-selon-les-professions-2-768x431.png 768w\" sizes=\"auto, (max-width: 1312px) 100vw, 1312px\" \/><\/figure>\n\n\n\n<h2 class=\"wp-block-heading\">Protection individuelle dans l&#8217;industrie chimique<\/h2>\n\n\n\n<p>L\u2019industrie chimique est un secteur o\u00f9 les risques d\u2019exposition \u00e0 des substances toxiques ou corrosives sont omnipr\u00e9sents. Les travailleurs de ce domaine n\u00e9cessitent donc des EPI sp\u00e9cifiquement adapt\u00e9s \u00e0 ces dangers. Les lunettes de protection et les masques respiratoires prot\u00e8gent les yeux et les voies respiratoires contre les vapeurs nocives. Ces \u00e9quipements sont le premier rempart contre les projections accidentelles ou les inhalations dangereuses.<\/p>\n\n\n\n<p>Les gants adapt\u00e9s aux produits chimiques sont tout aussi essentiels. Leur composition sp\u00e9cifique permet de r\u00e9sister aux substances corrosives et de pr\u00e9venir toute br\u00fblure chimique. De surcro\u00eet, dans ce contexte, les v\u00eatements anti-acides offrent une protection corporelle suppl\u00e9mentaire, indispensable lors de la manipulation de substances susceptibles de provoquer de graves blessures.<\/p>\n\n\n\n<p>L&#8217;\u00e9quipement de ventilation constitue un pilier \u00e0 la s\u00e9curit\u00e9 sur les lieux de travail, en garantissant une circulation d\u2019air suffisante et en r\u00e9duisant ainsi l\u2019accumulation de vapeurs dangereuses. La ventilation appropri\u00e9e aide \u00e0 maintenir un environnement de travail sain et \u00e0 r\u00e9duire l&#8217;exposition prolong\u00e9e aux risques chimiques.<\/p>\n\n\n\n<figure class=\"wp-block-table\"><table><thead><tr><th>\u00c9quipement<\/th><th>Fonction<\/th><th>Norme<\/th><\/tr><\/thead><tbody><tr><td>Lunettes de protection<\/td><td>Pr\u00e9venir les \u00e9claboussures chimiques<\/td><td>EN 166<\/td><\/tr><tr><td>Masques respiratoires<\/td><td>Prot\u00e9ger les voies respiratoires<\/td><td>EN 149<\/td><\/tr><tr><td>Gants chimiques<\/td><td>R\u00e9sistance aux produits corrosifs<\/td><td>EN 374<\/td><\/tr><tr><td>V\u00eatements anti-acides<\/td><td>Protection contre les substances corrosives<\/td><td>EN 13034<\/td><\/tr><tr><td>\u00c9quipement de ventilation<\/td><td>Assurer l\u2019a\u00e9ration ad\u00e9quate<\/td><td>&#8211;<\/td><\/tr><\/tbody><\/table><\/figure>\n\n\n\n<h2 class=\"wp-block-heading\">Les EPI dans l&#8217;agroalimentaire<\/h2>\n\n\n\n<p>Dans le secteur agroalimentaire, l&#8217;hygi\u00e8ne et la s\u00e9curit\u00e9 des produits sont primordiales. Les travailleurs doivent utiliser des EPI con\u00e7us pour \u00e9viter la contamination des produits alimentaires et garantir un environnement de travail propre. Un des \u00e9quipements cl\u00e9s est la combinaison, souvent jetable, qui agit comme une barri\u00e8re physique contre la contamination microbiologique.<\/p>\n\n\n\n<p>Les gants et masques sont \u00e9galement essentiels pour maintenir un niveau d&#8217;hygi\u00e8ne \u00e9lev\u00e9, emp\u00eachant la propagation de bact\u00e9ries et de particules ind\u00e9sirables sur les lignes de production. Les couvre-chaussures et charlottes sont d&#8217;autres accessoires incontournables qui assurent la propret\u00e9 de l&#8217;environnement de production, \u00e9vitant ainsi que la salet\u00e9 ext\u00e9rieure ne s&#8217;infiltre dans les zones sensibles.<\/p>\n\n\n\n<p>Pour veiller \u00e0 l&#8217;optimisation des normes de s\u00e9curit\u00e9, nombreuses sont les entreprises qui investissent dans des audits r\u00e9guliers et des syst\u00e8mes de suivi intelligent pour monitorer la conformit\u00e9 des pratiques hygi\u00e9niques.<\/p>\n\n\n\n<figure class=\"wp-block-table\"><table><thead><tr><th>\u00c9quipement<\/th><th>Fonction<\/th><th>Norme<\/th><\/tr><\/thead><tbody><tr><td>Combinaisons jetables<\/td><td>Barri\u00e8re contre la contamination<\/td><td>EN 1149-5<\/td><\/tr><tr><td>Gants<\/td><td>Hygi\u00e8ne et s\u00e9curit\u00e9 alimentaire<\/td><td>EN 455<\/td><\/tr><tr><td>Masques<\/td><td>Pr\u00e9vention de la contamination<\/td><td>EN 14683<\/td><\/tr><tr><td>Couvre-chaussures<\/td><td>Propret\u00e9 des zones de production<\/td><td>&#8211;<\/td><\/tr><tr><td>Charlottes<\/td><td>Hydratation contre les particules capillaires<\/td><td>&#8211;<\/td><\/tr><\/tbody><\/table><\/figure>\n\n\n\n<figure class=\"wp-block-image size-full\"><img loading=\"lazy\" decoding=\"async\" width=\"1312\" height=\"736\" src=\"https:\/\/louis-carles.com\/wp-content\/uploads\/2025\/05\/Les-EPI-essentiels-selon-les-professions-3.png\" alt=\"d\u00e9couvrez les \u00e9quipements de protection individuelle (epi) indispensables pour chaque m\u00e9tier. cette guide vous aide \u00e0 choisir les epi adapt\u00e9s \u00e0 votre profession pour garantir votre s\u00e9curit\u00e9 et celle de vos coll\u00e8gues.\" class=\"wp-image-497\" srcset=\"https:\/\/louis-carles.com\/wp-content\/uploads\/2025\/05\/Les-EPI-essentiels-selon-les-professions-3.png 1312w, https:\/\/louis-carles.com\/wp-content\/uploads\/2025\/05\/Les-EPI-essentiels-selon-les-professions-3-300x168.png 300w, https:\/\/louis-carles.com\/wp-content\/uploads\/2025\/05\/Les-EPI-essentiels-selon-les-professions-3-1024x574.png 1024w, https:\/\/louis-carles.com\/wp-content\/uploads\/2025\/05\/Les-EPI-essentiels-selon-les-professions-3-768x431.png 768w\" sizes=\"auto, (max-width: 1312px) 100vw, 1312px\" \/><\/figure>\n\n\n\n<h2 class=\"wp-block-heading\">Protection pour les m\u00e9tiers de l&#8217;\u00e9nergie et de l&#8217;\u00e9lectricit\u00e9<\/h2>\n\n\n\n<p>Les travailleurs du secteur de l&#8217;\u00e9nergie et de l&#8217;\u00e9lectricit\u00e9 sont confront\u00e9s \u00e0 des risques tr\u00e8s particuliers, tels que l&#8217;\u00e9lectrocution et les br\u00fblures. Pour cette raison, il est imp\u00e9ratif de les \u00e9quiper avec des EPI adapt\u00e9s. Les gants et chaussures isolantes constituent le premier rempart contre le contact direct avec les courants \u00e9lectriques. Leur r\u00f4le est de pr\u00e9venir les \u00e9lectrocutions potentiellement mortelles.<\/p>\n\n\n\n<p>Les casques avec visi\u00e8re int\u00e9gr\u00e9e offrent une protection \u00e0 double fonction&nbsp;: emp\u00eacher les chocs cr\u00e2niens et se prot\u00e9ger des risques d&#8217;arc \u00e9lectrique, qui sont souvent invisibles mais extr\u00eamement dangereux. Les v\u00eatements ignifuges, quant \u00e0 eux, sont une solution efficace pour se prot\u00e9ger des risques d&#8217;incendie ou d&#8217;explosion dans certaines zones critiques.<\/p>\n\n\n\n<p>Des marques de renom proposent des innovations int\u00e9ressantes, int\u00e9grant des capteurs qui alertent en temps r\u00e9el sur les conditions de danger, am\u00e9liorant par la m\u00eame occasion la s\u00e9curit\u00e9 sur le lieu de travail.<\/p>\n\n\n\n<figure class=\"wp-block-table\"><table><thead><tr><th>\u00c9quipement<\/th><th>Fonction<\/th><th>Norme<\/th><\/tr><\/thead><tbody><tr><td>Gants isolants<\/td><td>Protection contre les \u00e9lectrocutions<\/td><td>EN 60903<\/td><\/tr><tr><td>Chaussures isolantes<\/td><td>\u00c9viter les chocs \u00e9lectriques<\/td><td>EN ISO 20345<\/td><\/tr><tr><td>Casques avec visi\u00e8re<\/td><td>Protection cr\u00e2nienne et contre les arcs<\/td><td>EN 50365<\/td><\/tr><tr><td>V\u00eatements ignifuges<\/td><td>R\u00e9sistance au feu<\/td><td>EN 11612<\/td><\/tr><tr><td>Technologie de capteurs<\/td><td>Surveillance et alerte en temps r\u00e9el<\/td><td>&#8211;<\/td><\/tr><\/tbody><\/table><\/figure>\n\n\n\n<h2 class=\"wp-block-heading\">FA<\/h2>\n\n\n\n<ul class=\"wp-block-list\">\n<li>\n        <strong>Comment s\u2019assurer de la conformit\u00e9 des EPI ?<\/strong>\n<p>Les EPI doivent porter le marquage CE pour \u00eatre conformes aux normes europ\u00e9ennes. Une v\u00e9rification r\u00e9guli\u00e8re des certifications et des audits par des organismes notifi\u00e9s sont \u00e9galement n\u00e9cessaires.<\/p>\n<\/li>\n\n\n\n<li>\n        <strong>Pourquoi est-il essentiel de former le personnel \u00e0 l&#8217;utilisation des EPI ?<\/strong>\n<p>La formation assure que les travailleurs utilisent correctement les EPI, maximisant ainsi leur efficacit\u00e9 et leur s\u00e9curit\u00e9 \u00e0 l&#8217;emploi.<\/p>\n<\/li>\n<\/ul>\n","protected":false},"excerpt":{"rendered":"<p>Les \u00e9quipements de protection individuelle (EPI) sont indispensables pour garantir la s\u00e9curit\u00e9 des travailleurs, quel que soit leur secteur d\u2019activit\u00e9. Du chantier de construction au milieu m\u00e9dical, en passant par l\u2019industrie chimique ou l\u2019agroalimentaire, chaque domaine pr\u00e9sente des risques sp\u00e9cifiques qui n\u00e9cessitent des protections adapt\u00e9es. Sur les chantiers du BTP, le casque, les gants, les &#8230; <a title=\"Les EPI essentiels selon les professions\" class=\"read-more\" href=\"https:\/\/louis-carles.com\/index.php\/epi-essentiels-professions\/\" aria-label=\"Read more about Les EPI essentiels selon les professions\">Read more<\/a><\/p>\n","protected":false},"author":3,"featured_media":494,"parent":0,"menu_order":0,"comment_status":"closed","ping_status":"closed","template":"","meta":{"footnotes":""},"class_list":["post-498","page","type-page","status-publish","has-post-thumbnail"],"_links":{"self":[{"href":"https:\/\/louis-carles.com\/index.php\/wp-json\/wp\/v2\/pages\/498","targetHints":{"allow":["GET"]}}],"collection":[{"href":"https:\/\/louis-carles.com\/index.php\/wp-json\/wp\/v2\/pages"}],"about":[{"href":"https:\/\/louis-carles.com\/index.php\/wp-json\/wp\/v2\/types\/page"}],"author":[{"embeddable":true,"href":"https:\/\/louis-carles.com\/index.php\/wp-json\/wp\/v2\/users\/3"}],"replies":[{"embeddable":true,"href":"https:\/\/louis-carles.com\/index.php\/wp-json\/wp\/v2\/comments?post=498"}],"version-history":[{"count":2,"href":"https:\/\/louis-carles.com\/index.php\/wp-json\/wp\/v2\/pages\/498\/revisions"}],"predecessor-version":[{"id":652,"href":"https:\/\/louis-carles.com\/index.php\/wp-json\/wp\/v2\/pages\/498\/revisions\/652"}],"wp:featuredmedia":[{"embeddable":true,"href":"https:\/\/louis-carles.com\/index.php\/wp-json\/wp\/v2\/media\/494"}],"wp:attachment":[{"href":"https:\/\/louis-carles.com\/index.php\/wp-json\/wp\/v2\/media?parent=498"}],"curies":[{"name":"wp","href":"https:\/\/api.w.org\/{rel}","templated":true}]}}