{"id":483,"date":"2025-05-27T20:21:54","date_gmt":"2025-05-27T18:21:54","guid":{"rendered":"https:\/\/louis-carles.com\/?page_id=483"},"modified":"2025-05-29T13:36:24","modified_gmt":"2025-05-29T11:36:24","slug":"epi-securite-espaces-verts","status":"publish","type":"page","link":"https:\/\/louis-carles.com\/index.php\/epi-essentiels-secteurs-2025\/epi-securite-espaces-verts\/","title":{"rendered":"L&#8217;importance des EPI en espaces verts pour assurer la s\u00e9curit\u00e9 des travailleurs"},"content":{"rendered":"\n<p>Travailler dans les espaces verts expose chaque jour les professionnels \u00e0 des risques concrets : blessures li\u00e9es \u00e0 l\u2019usage d\u2019outils tranchants, chutes de hauteur, projections, ou encore nuisances sonores. Face \u00e0 ces dangers, les <strong>\u00c9quipements de Protection Individuelle (EPI<\/strong>) sont bien plus qu\u2019un simple accessoire : ils constituent une obligation l\u00e9gale et un rempart indispensable \u00e0 la s\u00e9curit\u00e9 de chacun.<\/p>\n\n\n\n<p>Casques, gants, lunettes, chaussures ou harnais\u2026 Chaque \u00e9quipement doit \u00eatre rigoureusement s\u00e9lectionn\u00e9 en fonction des t\u00e2ches \u00e0 accomplir, des conditions de terrain et des normes en vigueur. Mais au-del\u00e0 de l\u2019\u00e9quipement lui-m\u00eame, c\u2019est toute une d\u00e9marche de pr\u00e9vention, d\u2019\u00e9valuation des risques et de formation qui doit \u00eatre men\u00e9e, aussi bien par les employeurs que par les travailleurs ind\u00e9pendants.<\/p>\n\n\n\n<p>Dans cet article, nous vous proposons de faire le point sur les EPI essentiels pour les m\u00e9tiers des espaces verts : leur r\u00f4le, leur r\u00e9glementation, les risques cibl\u00e9s, les normes \u00e0 respecter, ainsi que les bonnes pratiques pour un choix adapt\u00e9 et une utilisation efficace.<\/p>\n\n\n\n<h2 class=\"wp-block-heading\">Comprendre les \u00c9quipements de Protection Individuelle (EPI)<\/h2>\n\n\n\n<p>Un \u00c9quipement de Protection Individuelle (EPI) est un dispositif con\u00e7u pour prot\u00e9ger le porteur contre un ou plusieurs risques susceptibles de menacer sa s\u00e9curit\u00e9 ou sa sant\u00e9. Dans le secteur des espaces verts, il s&#8217;agit de casques de protection, lunettes de s\u00e9curit\u00e9, gants, chaussures de s\u00e9curit\u00e9, et harnais antichute. Ces \u00e9quipements doivent \u00eatre en conformit\u00e9 avec les normes europ\u00e9ennes, assurant ainsi leur performance et leur qualit\u00e9.<\/p>\n\n\n\n<figure class=\"wp-block-image size-full\"><img loading=\"lazy\" decoding=\"async\" width=\"1312\" height=\"736\" src=\"https:\/\/louis-carles.com\/wp-content\/uploads\/2025\/05\/Limportance-des-EPI-en-espaces-verts-pour-assurer-la-securite-des-travailleurs-1.png\" alt=\"d\u00e9couvrez l&#039;importance cruciale des \u00e9quipements de protection individuelle (epi) dans les espaces verts pour garantir la s\u00e9curit\u00e9 des travailleurs. apprenez comment ces protections minimisent les risques et favorisent un environnement de travail sain.\" class=\"wp-image-480\" srcset=\"https:\/\/louis-carles.com\/wp-content\/uploads\/2025\/05\/Limportance-des-EPI-en-espaces-verts-pour-assurer-la-securite-des-travailleurs-1.png 1312w, https:\/\/louis-carles.com\/wp-content\/uploads\/2025\/05\/Limportance-des-EPI-en-espaces-verts-pour-assurer-la-securite-des-travailleurs-1-300x168.png 300w, https:\/\/louis-carles.com\/wp-content\/uploads\/2025\/05\/Limportance-des-EPI-en-espaces-verts-pour-assurer-la-securite-des-travailleurs-1-1024x574.png 1024w, https:\/\/louis-carles.com\/wp-content\/uploads\/2025\/05\/Limportance-des-EPI-en-espaces-verts-pour-assurer-la-securite-des-travailleurs-1-768x431.png 768w\" sizes=\"auto, (max-width: 1312px) 100vw, 1312px\" \/><\/figure>\n\n\n\n<p>Pour garantir l&#8217;efficacit\u00e9 de ces \u00e9quipements, ils doivent :<\/p>\n\n\n\n<ul class=\"wp-block-list\">\n<li>\u00catre appropri\u00e9s aux risques identifi\u00e9s et adapt\u00e9s aux conditions de travail.<\/li>\n\n\n\n<li>R\u00e9pondre aux normes en vigueur, assurant ainsi leur qualit\u00e9 et leur durabilit\u00e9.<\/li>\n\n\n\n<li>Ne pas pr\u00e9senter de risques suppl\u00e9mentaires pour le porteur, une attention particuli\u00e8re est n\u00e9cessaire dans le choix des mat\u00e9riaux.<\/li>\n<\/ul>\n\n\n\n<p>Les fabricants s&#8217;engagent \u00e0 produire des \u00e9quipements \u00e0 la pointe de la technologie pour offrir une protection optimale tout en privil\u00e9giant le confort.<\/p>\n\n\n\n<h3 class=\"wp-block-heading\">Risques associatifs et solutions en EPI<\/h3>\n\n\n\n<p>Les travailleurs des espaces verts sont confront\u00e9s \u00e0 plusieurs dangers dans l&#8217;accomplissement de leurs t\u00e2ches. Parmi elles, on peut mentionner le bruit intense provenant des engins m\u00e9caniques, lequel justifie le port de protections auditives. Les projections de particules ou les \u00e9clats, souvent quand ils travaillent sur la taille ou l&#8217;\u00e9lagage, n\u00e9cessitent des lunettes de s\u00e9curit\u00e9. Les chutes de hauteur, notamment lors des travaux en \u00e9l\u00e9vation, rendent l&#8217;utilisation des harnais antichute indispensable.<\/p>\n\n\n\n<figure class=\"wp-block-table\"><table><thead><tr><th>Risque<\/th><th>\u00c9quipement de protection<\/th><th>Normes<\/th><\/tr><\/thead><tbody><tr><td>Bruit<\/td><td>Protections auditives<\/td><td>EN 352<\/td><\/tr><tr><td>Projections<\/td><td>Lunettes de s\u00e9curit\u00e9<\/td><td>NF EN 166<\/td><\/tr><tr><td>Chutes<\/td><td>Harnais antichute<\/td><td>EN 361<\/td><\/tr><\/tbody><\/table><\/figure>\n\n\n\n<h2 class=\"wp-block-heading\">L&#8217;obligation l\u00e9gale des EPI dans les espaces verts<\/h2>\n\n\n\n<p>En France, le Code du travail est explicite : chaque employeur a l&#8217;obligation de fournir gratuitement \u00e0 ses salari\u00e9s les EPI ad\u00e9quats, tout en assurant une formation sur leur utilisation correcte. Cela s&#8217;applique \u00e9galement pour les travailleurs ind\u00e9pendants, qui doivent assumer la responsabilit\u00e9 d&#8217;acqu\u00e9rir leurs propres \u00e9quipements.<\/p>\n\n\n\n<figure class=\"wp-block-image size-full\"><img loading=\"lazy\" decoding=\"async\" width=\"1312\" height=\"736\" src=\"https:\/\/louis-carles.com\/wp-content\/uploads\/2025\/05\/Limportance-des-EPI-en-espaces-verts-pour-assurer-la-securite-des-travailleurs-2.png\" alt=\"d\u00e9couvrez pourquoi les \u00e9quipements de protection individuelle (epi) sont essentiels pour garantir la s\u00e9curit\u00e9 des travailleurs dans les espaces verts. d\u00e9couvrez les diff\u00e9rents types d&#039;epi et leur r\u00f4le crucial dans la pr\u00e9vention des accidents et la promotion d&#039;un environnement de travail s\u00e9curis\u00e9.\" class=\"wp-image-481\" srcset=\"https:\/\/louis-carles.com\/wp-content\/uploads\/2025\/05\/Limportance-des-EPI-en-espaces-verts-pour-assurer-la-securite-des-travailleurs-2.png 1312w, https:\/\/louis-carles.com\/wp-content\/uploads\/2025\/05\/Limportance-des-EPI-en-espaces-verts-pour-assurer-la-securite-des-travailleurs-2-300x168.png 300w, https:\/\/louis-carles.com\/wp-content\/uploads\/2025\/05\/Limportance-des-EPI-en-espaces-verts-pour-assurer-la-securite-des-travailleurs-2-1024x574.png 1024w, https:\/\/louis-carles.com\/wp-content\/uploads\/2025\/05\/Limportance-des-EPI-en-espaces-verts-pour-assurer-la-securite-des-travailleurs-2-768x431.png 768w\" sizes=\"auto, (max-width: 1312px) 100vw, 1312px\" \/><\/figure>\n\n\n\n<p>Dans le secteur des espaces verts, l&#8217;engagement de l&#8217;employeur est essentiel pour \u00e9viter une trag\u00e9die lors de situations de travail dangereuses (utilisation de mat\u00e9riels tranchants, travaux en hauteur, etc.). La responsabilit\u00e9 ne se limite pas \u00e0 la fourniture d&#8217;\u00e9quipements ; l&#8217;entretien r\u00e9gulier et l&#8217;\u00e9tat des lieux p\u00e9riodiques pour \u00e9valuer les besoins sont tout aussi cruciaux. <\/p>\n\n\n\n<p>Certaines marques se distinguent pour leurs efforts continus dans la promotion de v\u00eatements \u00e0 haute visibilit\u00e9 et des \u00e9quipements sp\u00e9cifiques au secteur. <\/p>\n\n\n\n<p>Une \u00e9valuation des risques, men\u00e9e de mani\u00e8re p\u00e9riodique, permet de d\u00e9terminer quels types d\u2019EPI sont n\u00e9cessaires pour chaque m\u00e9tier dans ce secteur. Les conditions m\u00e9t\u00e9orologiques, le type de terrain, ainsi que la nature des t\u00e2ches, sont autant de facteurs \u00e0 int\u00e9grer dans cette \u00e9valuation.<\/p>\n\n\n\n<h2 class=\"wp-block-heading\">Choisir le bon EPI : un d\u00e9fi individuel et collectif<\/h2>\n\n\n\n<p>L&#8217;\u00e9quipement de Protection Individuelle doit \u00eatre choisi en tenant compte de multiples facteurs, comme l&#8217;adaptabilit\u00e9 aux risques sp\u00e9cifiques identifi\u00e9s lors de l&#8217;\u00e9valuation. Une large gamme d\u2019\u00e9quipements est propos\u00e9e sur le march\u00e9 de la s\u00e9curit\u00e9 pour r\u00e9pondre aux exigences de chaque m\u00e9tier li\u00e9s aux espaces verts.<\/p>\n\n\n\n<p>Si le travailleur est amen\u00e9 \u00e0 travailler seul, loin de la vue et de l&#8217;ou\u00efe de ses coll\u00e8gues, il est relativement int\u00e9ressant d&#8217;\u00e9quiper celui-ci de bo\u00eetier PTI-DATI. Diff\u00e9rents capteurs sont int\u00e9gr\u00e9s dans le dispositif : localisation GPS, d\u00e9tection d&#8217;immobilit\u00e9 prolong\u00e9e, d\u00e9tection de perte de verticalit\u00e9, etc. Ces <a href=\"https:\/\/doomap.fr\/dans-quels-cas-utiliser-un-dispositif-homme-mort-pti-dati\/\">dispositifs homme mort<\/a> sont tout \u00e0 fait compl\u00e9mentaires au port des EPI. Ils renforcent les mesures de s\u00e9curit\u00e9 envers les ouvriers des espaces verts.<\/p>\n\n\n\n<figure class=\"wp-block-image size-full\"><img loading=\"lazy\" decoding=\"async\" width=\"1312\" height=\"736\" src=\"https:\/\/louis-carles.com\/wp-content\/uploads\/2025\/05\/Limportance-des-EPI-en-espaces-verts-pour-assurer-la-securite-des-travailleurs-3.png\" alt=\"d\u00e9couvrez pourquoi les \u00e9quipements de protection individuelle (epi) sont essentiels dans le secteur des espaces verts. assurez la s\u00e9curit\u00e9 des travailleurs en comprenant les risques li\u00e9s \u00e0 ce m\u00e9tier et l&#039;importance d&#039;une protection ad\u00e9quate pour pr\u00e9venir les accidents et garantir un environnement de travail sain.\" class=\"wp-image-482\" srcset=\"https:\/\/louis-carles.com\/wp-content\/uploads\/2025\/05\/Limportance-des-EPI-en-espaces-verts-pour-assurer-la-securite-des-travailleurs-3.png 1312w, https:\/\/louis-carles.com\/wp-content\/uploads\/2025\/05\/Limportance-des-EPI-en-espaces-verts-pour-assurer-la-securite-des-travailleurs-3-300x168.png 300w, https:\/\/louis-carles.com\/wp-content\/uploads\/2025\/05\/Limportance-des-EPI-en-espaces-verts-pour-assurer-la-securite-des-travailleurs-3-1024x574.png 1024w, https:\/\/louis-carles.com\/wp-content\/uploads\/2025\/05\/Limportance-des-EPI-en-espaces-verts-pour-assurer-la-securite-des-travailleurs-3-768x431.png 768w\" sizes=\"auto, (max-width: 1312px) 100vw, 1312px\" \/><\/figure>\n\n\n\n<p>Pour r\u00e9sumer, quelques \u00e9l\u00e9ments cl\u00e9s sont \u00e0 garder en m\u00e9moire :<\/p>\n\n\n\n<ul class=\"wp-block-list\">\n<li><strong>Casques de protection :<\/strong> Indispensables pour les travaux forestiers ou toute situation o\u00f9 la chute d&#8217;objets constitue un risque.<\/li>\n\n\n\n<li><strong>Gants anticoupure :<\/strong> \u00c0 enfiler lors de l&#8217;utilisation de mat\u00e9riel tranchant.<\/li>\n\n\n\n<li><strong>Chaussures de s\u00e9curit\u00e9 :<\/strong> Garantissent une meilleure adh\u00e9rence et protection contre les chutes de plain-pied.<\/li>\n\n\n\n<li><strong>V\u00eatements fluorescents :<\/strong> Essentiels pour le travail sur des chantiers ou en bord de route, pour assurer la visibilit\u00e9.<\/li>\n<\/ul>\n\n\n\n<h2 class=\"wp-block-heading\">FAQ: Questions fr\u00e9quentes sur les EPI pour espaces verts<\/h2>\n\n\n\n<h3 class=\"wp-block-heading\">Quels EPI sont essentiels pour un \u00e9lagueur?<\/h3>\n\n\n\n<p>Un \u00e9lagueur doit imp\u00e9rativement porter un harnais antichute, des chaussures de s\u00e9curit\u00e9, un casque, voire des gants anticoupure pour garantir sa s\u00e9curit\u00e9. L&#8217;utilisation de lunettes de s\u00e9curit\u00e9 et de protections auditives est \u00e9galement conseill\u00e9e.<\/p>\n\n\n\n<h3 class=\"wp-block-heading\">Les employeurs peuvent-ils exiger un remboursement pour les EPI fournis aux salari\u00e9s ?<\/h3>\n\n\n\n<p>Non, absolument pas. Selon le Code du travail fran\u00e7ais, les employeurs ont l&#8217;obligation de fournir gratuitement les EPI n\u00e9cessaires \u00e0 leurs employ\u00e9s, sans remboursement exig\u00e9 de la part de ces derniers.<\/p>\n\n\n\n<h3 class=\"wp-block-heading\">Quelles normes sont exig\u00e9es pour les EPI ?<\/h3>\n\n\n\n<p>Les \u00e9quipements de protection doivent r\u00e9pondre aux normes europ\u00e9ennes en vigueur, qui garantie leur efficacit\u00e9 et leur s\u00e9curit\u00e9. Par exemple, les protections auditives doivent \u00eatre conformes \u00e0 la norme EN 352.<\/p>\n\n\n\n<p>La s\u00e9curit\u00e9 dans les espaces verts d\u00e9pend de la responsabilit\u00e9 des deux parties, employeur et employ\u00e9s. En s&#8217;\u00e9quipant d&#8217;EPI adapt\u00e9s et conformes, en d\u00e9veloppant une culture de la s\u00e9curit\u00e9 au sein de l&#8217;entreprise , les professionnels de ce secteur favorisent un environnement de travail sain et s\u00e9curis\u00e9.<\/p>\n","protected":false},"excerpt":{"rendered":"<p>Travailler dans les espaces verts expose chaque jour les professionnels \u00e0 des risques concrets : blessures li\u00e9es \u00e0 l\u2019usage d\u2019outils tranchants, chutes de hauteur, projections, ou encore nuisances sonores. Face \u00e0 ces dangers, les \u00c9quipements de Protection Individuelle (EPI) sont bien plus qu\u2019un simple accessoire : ils constituent une obligation l\u00e9gale et un rempart indispensable &#8230; <a title=\"L&#8217;importance des EPI en espaces verts pour assurer la s\u00e9curit\u00e9 des travailleurs\" class=\"read-more\" href=\"https:\/\/louis-carles.com\/index.php\/epi-essentiels-secteurs-2025\/epi-securite-espaces-verts\/\" aria-label=\"Read more about L&#8217;importance des EPI en espaces verts pour assurer la s\u00e9curit\u00e9 des travailleurs\">Read more<\/a><\/p>\n","protected":false},"author":3,"featured_media":479,"parent":463,"menu_order":0,"comment_status":"closed","ping_status":"closed","template":"","meta":{"footnotes":""},"class_list":["post-483","page","type-page","status-publish","has-post-thumbnail"],"_links":{"self":[{"href":"https:\/\/louis-carles.com\/index.php\/wp-json\/wp\/v2\/pages\/483","targetHints":{"allow":["GET"]}}],"collection":[{"href":"https:\/\/louis-carles.com\/index.php\/wp-json\/wp\/v2\/pages"}],"about":[{"href":"https:\/\/louis-carles.com\/index.php\/wp-json\/wp\/v2\/types\/page"}],"author":[{"embeddable":true,"href":"https:\/\/louis-carles.com\/index.php\/wp-json\/wp\/v2\/users\/3"}],"replies":[{"embeddable":true,"href":"https:\/\/louis-carles.com\/index.php\/wp-json\/wp\/v2\/comments?post=483"}],"version-history":[{"count":4,"href":"https:\/\/louis-carles.com\/index.php\/wp-json\/wp\/v2\/pages\/483\/revisions"}],"predecessor-version":[{"id":682,"href":"https:\/\/louis-carles.com\/index.php\/wp-json\/wp\/v2\/pages\/483\/revisions\/682"}],"up":[{"embeddable":true,"href":"https:\/\/louis-carles.com\/index.php\/wp-json\/wp\/v2\/pages\/463"}],"wp:featuredmedia":[{"embeddable":true,"href":"https:\/\/louis-carles.com\/index.php\/wp-json\/wp\/v2\/media\/479"}],"wp:attachment":[{"href":"https:\/\/louis-carles.com\/index.php\/wp-json\/wp\/v2\/media?parent=483"}],"curies":[{"name":"wp","href":"https:\/\/api.w.org\/{rel}","templated":true}]}}