{"id":463,"date":"2025-05-27T21:38:45","date_gmt":"2025-05-27T19:38:45","guid":{"rendered":"https:\/\/louis-carles.com\/?page_id=463"},"modified":"2025-05-29T13:21:32","modified_gmt":"2025-05-29T11:21:32","slug":"epi-essentiels-secteurs-2025","status":"publish","type":"page","link":"https:\/\/louis-carles.com\/index.php\/epi-essentiels-secteurs-2025\/","title":{"rendered":"Les EPI essentiels selon les secteurs d&#8217;activit\u00e9 en 2025"},"content":{"rendered":"\n<p>Les nouvelles tendances du march\u00e9, coupl\u00e9es \u00e0 une pression r\u00e9glementaire croissante, soulignent l&#8217;importance d&#8217;int\u00e9grer les EPI dans tous les secteurs professionnels. Anticiper les besoins en protection des travailleurs en fonction de l&#8217;activit\u00e9 professionnelle est incontournable pour garantir une s\u00e9curit\u00e9 au quotidien. Que ce soit dans l&#8217;industrie chimique, la construction, le secteur agricole, les services de sant\u00e9, le BTP, les <strong>\u00e9quipements de protection individuelle<\/strong> se r\u00e9v\u00e8lent incontournables.<\/p>\n\n\n\n<p>Les innovations technologiques se multiplient pour proposer des v\u00eatements, masques, lunettes plus r\u00e9sistants, plus intelligents, plus performants, plus durables. Tous ces dispositifs sont pens\u00e9s pour s\u2019adapter aux environnements les plus hostiles tout en am\u00e9liorant le confort au quotidien.<br>Mais la performance des EPI ne suffit pas \u00e0 elle seule. Sans une formation rigoureuse et un entretien r\u00e9gulier, leur efficacit\u00e9 peut \u00eatre gravement compromise. <\/p>\n\n\n\n<h2 class=\"wp-block-heading\">\u00c9quipements de protection pour l&#8217;industrie chimique<\/h2>\n\n\n\n<p>Lorsqu&#8217;il s&#8217;agit de travailler dans l&#8217;industrie chimique, les risques professionnels sont omnipr\u00e9sents. Cela inclut l&#8217;exposition possible \u00e0 des produits chimiques dangereux, qu&#8217;ils soient sous forme liquide, gazeuse ou solide. Dans ce contexte, les \u00e9quipements de protection individuelle assurent la sant\u00e9 et la s\u00e9curit\u00e9 des travailleurs. En 2025, les tendances montrent une augmentation significative de l&#8217;utilisation des EPI sp\u00e9cifiques, adapt\u00e9s aux menaces parfois invisibles de ce secteur.<\/p>\n\n\n\n<p>Les EPI pour l&#8217;industrie chimique peuvent \u00eatre class\u00e9s en plusieurs cat\u00e9gories : <strong>protection corporelle, respiratoire et oculaire<\/strong>. Les v\u00eatements de protection, notamment, doivent imp\u00e9rativement \u00eatre r\u00e9sistants aux produits chimiques corrosifs. Les fabricants d\u00e9veloppent des technologies de mat\u00e9riaux avanc\u00e9s qui non seulement prot\u00e8gent, mais offrent aussi un confort accru.<\/p>\n\n\n\n<h3 class=\"wp-block-heading\">Protection respiratoire<\/h3>\n\n\n\n<p>Les substances volatiles peuvent impacter s\u00e9v\u00e8rement la sant\u00e9 pulmonaire. L&#8217;int\u00e9gration de filtres conformes aux normes dans les masques permet d&#8217;att\u00e9nuer l&#8217;inhalation de ces substances dangereuses et de renforcer la protection respiratoire.<\/p>\n\n\n\n<figure class=\"wp-block-table\"><table><thead><tr><th>Type d&#8217;EPI<\/th><th>Caract\u00e9ristiques<\/th><\/tr><\/thead><tbody><tr><td>V\u00eatements de protection<\/td><td>R\u00e9sistance aux produits chimiques, confort<\/td><\/tr><tr><td>Masques, lunettes<\/td><td>Filtres avanc\u00e9s, anti-bu\u00e9e<\/td><\/tr><\/tbody><\/table><\/figure>\n\n\n\n<figure class=\"wp-block-image size-full\"><img loading=\"lazy\" decoding=\"async\" width=\"1312\" height=\"736\" src=\"https:\/\/louis-carles.com\/wp-content\/uploads\/2025\/05\/Les-EPI-essentiels-selon-les-secteurs-dactivite-en-2025-1.png\" alt=\"d\u00e9couvrez les \u00e9quipements de protection individuelle (epi) incontournables pour chaque secteur d&#039;activit\u00e9 en 2025. cette guide compl\u00e8te vous aide \u00e0 assurer la s\u00e9curit\u00e9 de vos employ\u00e9s tout en vous conformant aux normes en vigueur. pr\u00e9parez-vous \u00e0 un avenir s\u00e9curis\u00e9 et efficace dans le monde du travail.\" class=\"wp-image-460\" srcset=\"https:\/\/louis-carles.com\/wp-content\/uploads\/2025\/05\/Les-EPI-essentiels-selon-les-secteurs-dactivite-en-2025-1.png 1312w, https:\/\/louis-carles.com\/wp-content\/uploads\/2025\/05\/Les-EPI-essentiels-selon-les-secteurs-dactivite-en-2025-1-300x168.png 300w, https:\/\/louis-carles.com\/wp-content\/uploads\/2025\/05\/Les-EPI-essentiels-selon-les-secteurs-dactivite-en-2025-1-1024x574.png 1024w, https:\/\/louis-carles.com\/wp-content\/uploads\/2025\/05\/Les-EPI-essentiels-selon-les-secteurs-dactivite-en-2025-1-768x431.png 768w\" sizes=\"auto, (max-width: 1312px) 100vw, 1312px\" \/><\/figure>\n\n\n\n<h2 class=\"wp-block-heading\">\u00c9quipements de protection dans le secteur de la construction<\/h2>\n\n\n\n<p>Le secteur de la construction, l\u2019un des piliers de l&#8217;activit\u00e9 \u00e9conomique, conna\u00eet ses propres d\u00e9fis en mati\u00e8re de s\u00e9curit\u00e9. Les chantiers de construction sont des environnements dangereux avec de nombreux risques, allant des chutes aux accidents li\u00e9s \u00e0 l&#8217;utilisation de mat\u00e9riel lourd.<\/p>\n\n\n\n<p>Les casques de s\u00e9curit\u00e9, les gants de protection et les chaussures renforc\u00e9es illustrent la vari\u00e9t\u00e9 d&#8217;EPI sp\u00e9cifiques \u00e0 ce domaine. Certains fabricants apportent aujourd&#8217;hui des innovations int\u00e9ressantes en termes de mat\u00e9riaux et de caract\u00e9ristiques ergonomiques. <\/p>\n\n\n\n<h3 class=\"wp-block-heading\">Protection contre les chutes<\/h3>\n\n\n\n<p>Les chutes demeurent la principale cause de blessures dans la construction. En r\u00e9ponse, les syst\u00e8mes antichute tels que les harnais et les lignes de vie sont constamment am\u00e9lior\u00e9s. Le port d&#8217;un <a href=\"https:\/\/doomap.fr\/\">dispositif d&#8217;alerte du travailleur isol\u00e9 <\/a>est fortement recommand\u00e9 dans les situations d&#8217;isolement.<\/p>\n\n\n\n<h3 class=\"wp-block-heading\">Impact de la technologie sur les EPI<\/h3>\n\n\n\n<p>L&#8217;int\u00e9gration de la technologie dans les EPI du secteur de la construction \u00e9volue rapidement. Tout comme les DATI, les diff\u00e9rents dispositifs commercialis\u00e9s dans le domaine de la s\u00e9curit\u00e9 entreprise offrent des options int\u00e9ressante : capteurs pouvant enregistrer la position GPS du porteur, d\u00e9tecter une chute ou une immobilit\u00e9 prolong\u00e9e, etc.<\/p>\n\n\n\n<figure class=\"wp-block-image size-full\"><img loading=\"lazy\" decoding=\"async\" width=\"1312\" height=\"736\" src=\"https:\/\/louis-carles.com\/wp-content\/uploads\/2025\/05\/Les-EPI-essentiels-selon-les-secteurs-dactivite-en-2025-2.png\" alt=\"d\u00e9couvrez les \u00e9quipements de protection individuelle (epi) indispensables pour chaque secteur d&#039;activit\u00e9 en 2025. informez-vous sur les derni\u00e8res tendances et normes de s\u00e9curit\u00e9 pour garantir la protection de vos \u00e9quipes dans un monde professionnel en constante \u00e9volution.\" class=\"wp-image-461\" srcset=\"https:\/\/louis-carles.com\/wp-content\/uploads\/2025\/05\/Les-EPI-essentiels-selon-les-secteurs-dactivite-en-2025-2.png 1312w, https:\/\/louis-carles.com\/wp-content\/uploads\/2025\/05\/Les-EPI-essentiels-selon-les-secteurs-dactivite-en-2025-2-300x168.png 300w, https:\/\/louis-carles.com\/wp-content\/uploads\/2025\/05\/Les-EPI-essentiels-selon-les-secteurs-dactivite-en-2025-2-1024x574.png 1024w, https:\/\/louis-carles.com\/wp-content\/uploads\/2025\/05\/Les-EPI-essentiels-selon-les-secteurs-dactivite-en-2025-2-768x431.png 768w\" sizes=\"auto, (max-width: 1312px) 100vw, 1312px\" \/><\/figure>\n\n\n\n<h2 class=\"wp-block-heading\">\u00c9quipements de protection pour le secteur agricole<\/h2>\n\n\n\n<p>Dans le secteur agricole, les EPI prot\u00e8gent <a href=\"https:\/\/doomap.fr\/professions\/agriculteurs-eleveurs\/\">les agriculteurs et les \u00e9leveurs <\/a>des risques li\u00e9s \u00e0 la respiration de pesticides, au travail en pleine nature, et aux dangers des machines agricoles. Une augmentation de la prise de conscience autour de ces dangers a conduit \u00e0 une adoption plus large des EPI sp\u00e9cifiquement con\u00e7us pour l&#8217;agriculture.<\/p>\n\n\n\n<p>Les gants de protection, les masques, les bottes imperm\u00e9ables et les protections auditives sont parmi les plus couramment utilis\u00e9s. Les produits propos\u00e9s r\u00e9sistent aux conditions exigeantes du monde agricole tout en assurant une commodit\u00e9 aux travailleurs.<\/p>\n\n\n\n<p>Travaillant souvent dans des conditions humides ou boueuses, le choix des bottes ou chaussures est essentiel. Les bottes offrent des semelles renforc\u00e9es et int\u00e8grent des mat\u00e9riaux imperm\u00e9ables tout en restant respirantes.<\/p>\n\n\n\n<h3 class=\"wp-block-heading\">Le d\u00e9fi des produits chimiques<\/h3>\n\n\n\n<p>Les pesticides et autres produits chimiques utilis\u00e9s dans l\u2019agriculture repr\u00e9sentent un risque colossal pour la sant\u00e9. Les combinaisons de protection int\u00e9grale, les masques, doivent \u00eatre port\u00e9s par tout travailleur agricole manipulant ces substances chimiques.<\/p>\n\n\n\n<figure class=\"wp-block-table\"><table><thead><tr><th>Type d&#8217;EPI<\/th><th>Fonctionnalit\u00e9s<\/th><\/tr><\/thead><tbody><tr><td>Bottes<\/td><td>Imperm\u00e9ables, semelles renforc\u00e9es<\/td><\/tr><tr><td>Combinaisons<\/td><td>R\u00e9sistance chimique, confort<\/td><\/tr><tr><td>Gants<\/td><td>Durables, grande tenue<\/td><\/tr><\/tbody><\/table><\/figure>\n\n\n\n<h2 class=\"wp-block-heading\">\u00c9quipements de protection dans le secteur m\u00e9dical<\/h2>\n\n\n\n<p>Apr\u00e8s les r\u00e9centes crises sanitaires, le secteur m\u00e9dical a renforc\u00e9 les r\u00e8gles en termes de s\u00e9curit\u00e9. Les \u00e9quipements de protection individuelle pour <a href=\"https:\/\/doomap.fr\/professions\/sante-paramedical\/\">les professionnels de la sant\u00e9<\/a> continuent de r\u00e9pondre \u00e0 des normes de plus en plus strictes afin d&#8217;assurer une s\u00e9curit\u00e9 maximale.<\/p>\n\n\n\n<p>Les blouses, masques, chaussures s\u00e9curitaires et lunettes de protection sont omnipr\u00e9sentes.<\/p>\n\n\n\n<h3 class=\"wp-block-heading\">Masques et protections faciales<\/h3>\n\n\n\n<p>Avec des pr\u00e9occupations croissantes concernant les infections nosocomiales, les masques faciaux r\u00e9pondent \u00e0 la norme de filtration la plus \u00e9lev\u00e9e. De nouvelles mati\u00e8res offrent une protection sans pr\u00e9c\u00e9dent tout en \u00e9tant l\u00e9g\u00e8rement plus faciles \u00e0 porter sur de longues journ\u00e9es de travail.<\/p>\n\n\n\n<h3 class=\"wp-block-heading\">Lunettes de protection <\/h3>\n\n\n\n<p>Les lunettes de protection dans le secteur m\u00e9dical doivent non seulement prot\u00e9ger des \u00e9claboussures, mais \u00e9galement pr\u00e9venir l&#8217;embuage. Un rev\u00eatement sp\u00e9cifique adapt\u00e9 aux environnements m\u00e9dicaux favorise un environnement de travail efficace.<\/p>\n\n\n\n<ul class=\"wp-block-list\">\n<li>Blouses respirantes<\/li>\n\n\n\n<li>Masques \u00e0 haute filtration<\/li>\n\n\n\n<li>Lunettes anti-bu\u00e9e<\/li>\n<\/ul>\n\n\n\n<figure class=\"wp-block-image size-full\"><img loading=\"lazy\" decoding=\"async\" width=\"1312\" height=\"736\" src=\"https:\/\/louis-carles.com\/wp-content\/uploads\/2025\/05\/Les-EPI-essentiels-selon-les-secteurs-dactivite-en-2025-3.png\" alt=\"d\u00e9couvrez les \u00e9quipements de protection individuelle (epi) essentiels pour chaque secteur d&#039;activit\u00e9 en 2025. cette guide vous offre un aper\u00e7u des innovations et des normes de s\u00e9curit\u00e9 \u00e0 adopter pour garantir la protection des travailleurs dans un environnement en constante \u00e9volution.\" class=\"wp-image-462\" srcset=\"https:\/\/louis-carles.com\/wp-content\/uploads\/2025\/05\/Les-EPI-essentiels-selon-les-secteurs-dactivite-en-2025-3.png 1312w, https:\/\/louis-carles.com\/wp-content\/uploads\/2025\/05\/Les-EPI-essentiels-selon-les-secteurs-dactivite-en-2025-3-300x168.png 300w, https:\/\/louis-carles.com\/wp-content\/uploads\/2025\/05\/Les-EPI-essentiels-selon-les-secteurs-dactivite-en-2025-3-1024x574.png 1024w, https:\/\/louis-carles.com\/wp-content\/uploads\/2025\/05\/Les-EPI-essentiels-selon-les-secteurs-dactivite-en-2025-3-768x431.png 768w\" sizes=\"auto, (max-width: 1312px) 100vw, 1312px\" \/><\/figure>\n\n\n\n<h2 class=\"wp-block-heading\">\u00c9quipements de protection pour le secteur du BTP<\/h2>\n\n\n\n<p>Le secteur du b\u00e2timent et des travaux publics (BTP) reste l&#8217;un des secteurs les plus expos\u00e9s aux risques professionnels. En 2025, l&#8217;accent est mis non seulement sur la robustesse des \u00e9quipements de protection individuelle, mais \u00e9galement sur leur adaptation \u00e0 divers types de travaux et conditions environnementales.<\/p>\n\n\n\n<p>Une large gamme de v\u00eatements de travail a \u00e9t\u00e9 d\u00e9velopp\u00e9e (vestes r\u00e9fl\u00e9chissantes, pantalons r\u00e9sistants aux intemp\u00e9ries, genouill\u00e8res int\u00e9gr\u00e9es). Ces \u00e9quipements ne servent pas seulement de protection mais am\u00e9liorent \u00e9galement le confort et l&#8217;efficacit\u00e9 des <a href=\"https:\/\/doomap.fr\/professions\/artisan-ouvriers-btp\/\">artisans et ouvriers du BTP.<\/a><\/p>\n\n\n\n<h3 class=\"wp-block-heading\">Chaussures de s\u00e9curit\u00e9 <\/h3>\n\n\n\n<p>Les r\u00e9cents d\u00e9veloppements en mati\u00e8re de chaussures de s\u00e9curit\u00e9 incluent des mat\u00e9riaux antid\u00e9rapants et des coques en composite, offrant une protection sans compromettre le confort. <\/p>\n\n\n\n<h3 class=\"wp-block-heading\">V\u00eatements de protection r\u00e9fl\u00e9chissants<\/h3>\n\n\n\n<p>Les v\u00eatements de protection du BTP int\u00e8grent de plus en plus d&#8217;\u00e9l\u00e9ments r\u00e9fl\u00e9chissants pour maximiser la visibilit\u00e9, surtout dans des conditions de faible luminosit\u00e9. Les vestes et pantalons \u00e0 haute visibilit\u00e9 sont d\u00e9sormais dot\u00e9s de bandes r\u00e9fl\u00e9chissantes int\u00e9gr\u00e9es.<\/p>\n\n\n\n<figure class=\"wp-block-table\"><table><thead><tr><th>Type d&#8217;EPI<\/th><th>Caract\u00e9ristiques<\/th><\/tr><\/thead><tbody><tr><td>Vestes r\u00e9fl\u00e9chissantes<\/td><td>Haute visibilit\u00e9, confort<\/td><\/tr><tr><td>Chaussures<\/td><td>Antid\u00e9rapantes, coque composite<\/td><\/tr><tr><td>Pantalons r\u00e9sistant aux intemp\u00e9ries<\/td><td>Imperm\u00e9ables<\/td><\/tr><\/tbody><\/table><\/figure>\n\n\n\n<h3 class=\"wp-block-heading\">Syst\u00e8mes de d\u00e9tection<\/h3>\n\n\n\n<p>L&#8217;innovation technologique a \u00e9galement permis d&#8217;int\u00e9grer des syst\u00e8mes de d\u00e9tection de dangers dans certains EPI. Ces capteurs ont le pouvoir de signaler des temp\u00e9ratures \u00e9lev\u00e9es, des mouvements brusques autour du porteur, la pr\u00e9sence d&#8217;un objet, etc. Ce type de technologie, inspir\u00e9e des syst\u00e8mes d&#8217;alerte sur les v\u00e9hicules lourds, am\u00e9liore notablement la s\u00e9curit\u00e9 sur les grands sites de construction.<\/p>\n\n\n\n<p>\u00c0 travers des innovations technologiques toujours plus performantes, le secteur des EPI s&#8217;\u00e9vertuent \u00e0 offrir une protection optimale dans des environnements de travail souvent per\u00e7us comme agressifs ou dangereux.<\/p>\n\n\n\n<h2 class=\"wp-block-heading\">Importance de la formation sur les EPI<\/h2>\n\n\n\n<p>Malgr\u00e9 la qualit\u00e9 des \u00e9quipements, leur efficacit\u00e9 repose \u00e9galement sur la formation des utilisateurs. Une mauvaise utilisation peut r\u00e9duire significativement le niveau de protection offert par les EPI. Les entreprises doivent donc non seulement investir dans des \u00e9quipements de haute qualit\u00e9, mais \u00e9galement garantir une formation r\u00e9guli\u00e8re pour s&#8217;assurer que leurs employ\u00e9s savent comment les utiliser correctement. Cela va de pair avec une maintenance r\u00e9guli\u00e8re, essentielle pour assurer la long\u00e9vit\u00e9 et l&#8217;efficacit\u00e9 des EPI.<\/p>\n\n\n\n<h3 class=\"wp-block-heading\">FAQ<\/h3>\n\n\n\n<ul class=\"wp-block-list\">\n<li><strong>Comment le choix des EPI varie-t-il selon le secteur d&#8217;activit\u00e9 ?<\/strong> Chaque secteur a des exigences sp\u00e9cifiques ; par exemple, l&#8217;industrie chimique n\u00e9cessite des EPI r\u00e9sistants aux produits chimiques, tandis que le secteur BTP privil\u00e9gie g\u00e9n\u00e9ralement les \u00e9quipements antichute et les v\u00eatements r\u00e9fl\u00e9chissants. Une \u00e9valuation des risques est indispensable pour garantir une bonne protection de chaque travailleur.<\/li>\n\n\n\n<li><strong>Pourquoi les EPI sont-ils essentiels en agriculture ?<\/strong> Les agriculteurs sont expos\u00e9s \u00e0 des risques vari\u00e9s tels que les conditions m\u00e9t\u00e9orologiques extr\u00eames, la dangerosit\u00e9 des engins agricoles et l&#8217;utilisation de produits chimiques dangereux.<\/li>\n<\/ul>\n","protected":false},"excerpt":{"rendered":"<p>Les nouvelles tendances du march\u00e9, coupl\u00e9es \u00e0 une pression r\u00e9glementaire croissante, soulignent l&#8217;importance d&#8217;int\u00e9grer les EPI dans tous les secteurs professionnels. Anticiper les besoins en protection des travailleurs en fonction de l&#8217;activit\u00e9 professionnelle est incontournable pour garantir une s\u00e9curit\u00e9 au quotidien. Que ce soit dans l&#8217;industrie chimique, la construction, le secteur agricole, les services de &#8230; <a title=\"Les EPI essentiels selon les secteurs d&#8217;activit\u00e9 en 2025\" class=\"read-more\" href=\"https:\/\/louis-carles.com\/index.php\/epi-essentiels-secteurs-2025\/\" aria-label=\"Read more about Les EPI essentiels selon les secteurs d&#8217;activit\u00e9 en 2025\">Read more<\/a><\/p>\n","protected":false},"author":3,"featured_media":459,"parent":0,"menu_order":0,"comment_status":"closed","ping_status":"closed","template":"","meta":{"footnotes":""},"class_list":["post-463","page","type-page","status-publish","has-post-thumbnail"],"_links":{"self":[{"href":"https:\/\/louis-carles.com\/index.php\/wp-json\/wp\/v2\/pages\/463","targetHints":{"allow":["GET"]}}],"collection":[{"href":"https:\/\/louis-carles.com\/index.php\/wp-json\/wp\/v2\/pages"}],"about":[{"href":"https:\/\/louis-carles.com\/index.php\/wp-json\/wp\/v2\/types\/page"}],"author":[{"embeddable":true,"href":"https:\/\/louis-carles.com\/index.php\/wp-json\/wp\/v2\/users\/3"}],"replies":[{"embeddable":true,"href":"https:\/\/louis-carles.com\/index.php\/wp-json\/wp\/v2\/comments?post=463"}],"version-history":[{"count":2,"href":"https:\/\/louis-carles.com\/index.php\/wp-json\/wp\/v2\/pages\/463\/revisions"}],"predecessor-version":[{"id":678,"href":"https:\/\/louis-carles.com\/index.php\/wp-json\/wp\/v2\/pages\/463\/revisions\/678"}],"wp:featuredmedia":[{"embeddable":true,"href":"https:\/\/louis-carles.com\/index.php\/wp-json\/wp\/v2\/media\/459"}],"wp:attachment":[{"href":"https:\/\/louis-carles.com\/index.php\/wp-json\/wp\/v2\/media?parent=463"}],"curies":[{"name":"wp","href":"https:\/\/api.w.org\/{rel}","templated":true}]}}